{"id":37629,"date":"2019-02-07T12:46:08","date_gmt":"2019-02-07T12:46:08","guid":{"rendered":"https:\/\/mytavirastay.com\/termos-e-condicoes-de-uso-do-website\/"},"modified":"2019-02-07T12:46:08","modified_gmt":"2019-02-07T12:46:08","slug":"termos-e-condicoes-de-uso-do-website","status":"publish","type":"page","link":"https:\/\/mytavirastay.com\/pt-pt\/termos-e-condicoes-de-uso-do-website\/","title":{"rendered":"Termos e condi\u00e7\u00f5es de uso do website"},"content":{"rendered":"<p>[et_pb_section bb_built=&#8221;1&#8243;][et_pb_row][et_pb_column type=&#8221;4_4&#8243;][et_pb_text _builder_version=&#8221;3.19.7&#8243;]<\/p>\n<h1>Termos e condi\u00e7\u00f5es de uso do website<\/h1>\n<\/p>\n<h3>POL\u00cdTICA DE PRIVACIDADE<\/h3>\n<\/p>\n<p><strong>A prote\u00e7\u00e3o dos seus dados pessoais \u00e9 a nossa prioridade.<\/strong><\/p>\n<p>\u201cMy Tavira Stay\u201d compromete-se a apenas tratar os seus dados pessoais que sejam estritamente necess\u00e1rios para lhe prestar os melhores servi\u00e7os, garantindo transpar\u00eancia na informa\u00e7\u00e3o e aplica\u00e7\u00e3o das melhores pr\u00e1ticas, no dom\u00ednio da seguran\u00e7a e da prote\u00e7\u00e3o dos dados pessoais.<br \/>Queremos merecer a sua confian\u00e7a e que sinta que os seus dados pessoais est\u00e3o seguros connosco, pois estaremos sempre comprometidos em proteger a sua privacidade, assumindo, com grande seriedade e empenho, as nossas responsabilidades no que respeita \u00e0 prote\u00e7\u00e3o dos seus dados pessoais.<br \/>Para qualquer esclerecimento sobre o tratamento dos seus dados pessoais, estaremos dispon\u00edveis para o ajudar, atrav\u00e9s do email: info@mytavirastay.com<\/p>\n<p><strong>Que dados pessoais utilizamos e para que \u00e9 que os utilizamos?<\/strong><br \/>A My Tavira Stay, assume o compromisso de apenas tratar os dados pessoais estritamente necess\u00e1rios para cada processo:<br \/>Boletins de Alojamento \u2013 Para procedimento de envio ao Servi\u00e7o de Estrangeiros e Fronteiras SEF e INE<br \/>Marketing Direto \u2013 Necessitaremos, igualmente, dos seus dados de contacto (e-mail e n\u00famero de telem\u00f3vel), para lhe podermos enviar comunica\u00e7\u00f5es informativas sobre os nossos servi\u00e7os. Poder\u00e1, a todo e qualquer momento, retirar a indica\u00e7\u00e3o para receber este tipo de comunica\u00e7\u00f5es.<br \/>Apenas conservamos os seus dados pessoais durante o per\u00edodo estritamente necess\u00e1rio para cumprir os objetivos acima identificados, dentro dos limites legais. Terminado o prazo de conserva\u00e7\u00e3o definido, a My Tavira Stay compromete-se a eliminar, destruir ou anonimizar os seus dados pessoais. De uma forma geral, a \u201cMy Tavira Stay\u201d conserva dados de transa\u00e7\u00f5es durante um per\u00edodo de 10 anos, sendo este o prazo definido por lei.<br \/>Relativamente aos dados de Cart\u00e3o de Cr\u00e9dito, eles ser\u00e3o destru\u00eddos logo ap\u00f3s o check-out.<\/p>\n<p><strong>Quais s\u00e3o os seus direitos e como poder\u00e1 exerc\u00ea-los?<\/strong><br \/>Por regra, o titular de dados pessoais tem os seguintes direitos, em mat\u00e9ria de prote\u00e7\u00e3o de dados: direito de acesso, direito de retifica\u00e7\u00e3o, direito de anula\u00e7\u00e3o, direito de limita\u00e7\u00e3o, direito de portabilidade, direito de oposi\u00e7\u00e3o e direito de n\u00e3o ficar sujeito a decis\u00f5es automatizadas. Nos casos em que tenha prestado consentimento para determinado tratamento dos seus dados pessoais, poder\u00e1 retir\u00e1-lo a todo o tempo. Para exercer qualquer um destes direitos, dever\u00e1 faz\u00ea-lo atrav\u00e9s de contacto pelo email: info@mytavirastay.com . A \u201cMy Tavira Stay\u201d proceder\u00e1 \u00e0 an\u00e1lise cuidada dos pedidos, avaliando a sua legitimidade e pertin\u00eancia, comprometendo-se a dar resposta em tempo oportuno.<\/p>\n<\/p>\n<h3>COOKIES<\/h3>\n<\/p>\n<p>Um cookie \u00e9 um ficheiro de dados gerado por um website e guardado pelo seu browser. Os cookies ajudam a determinar a utilidade, o interesse e o n\u00famero de usos dos sites, permitem aos utilizadores navegar de forma mais r\u00e1pida e eficiente e eliminam a necessidade de inserir as mesmas informa\u00e7\u00f5es repetidamente. A \u00fanica informa\u00e7\u00e3o pessoal que um cookie pode conter \u00e9 aquela que for fornecida pelo utilizador\/titular dos dados. Um cookie n\u00e3o pode ler dados do seu disco r\u00edgido ou ler outros cookies criados por outros websites.<br \/>Existem 2 categorias de Cookies: a) sess\u00e3o: automaticamente exclu\u00eddas quando o utilizador fecha seu navegador: b) persistente: permanece armazenado no dispositivo terminal do utilizador at\u00e9 atingir uma data de validade definida.<\/p>\n<p><strong>Os tipos de cookies que est\u00e3o em uso neste site s\u00e3o os seguintes:<\/strong><\/p>\n<p>Estritamente necess\u00e1rios: Habilite a navega\u00e7\u00e3o do site e o uso de suas aplica\u00e7\u00f5es, como acesso a \u00e1reas seguras do site e n\u00e3o pode ser desligado em nossos sistemas. Geralmente, eles s\u00e3o configurados apenas em resposta a a\u00e7\u00f5es feitas pelo utilizador que correspondem a um pedido de servi\u00e7os, como definir suas prefer\u00eancias de privacidade, fazer login ou preencher formul\u00e1rios. O utilizador pode configurar o seu browser para bloque\u00e1-lo ou alert\u00e1-lo sobre esses cookies, mas algumas partes do site n\u00e3o funcionar\u00e3o. Estes cookies n\u00e3o armazenam nenhuma informa\u00e7\u00e3o de identifica\u00e7\u00e3o pessoal.<\/p>\n<p>Desempenho: Utilizado para analisar como os utilizadores usam o site e monitorizar o seu desempenho. Por exemplo, para identificar quais p\u00e1ginas s\u00e3o as mais populares, para identificar o m\u00e9todo mais eficaz de liga\u00e7\u00e3o entre p\u00e1ginas ou para determinar a taxa de mensagens de erro em determinadas p\u00e1ginas. Todas as informa\u00e7\u00f5es recolhidas por esses cookies s\u00e3o an\u00f3nimas. Se permitir estes cookies, n\u00e3o saberemos quando visitou o nosso site e desempenho n\u00e3o ser\u00e1 monitorizado.<\/p>\n<p>Funcionalidade: Armazena as prefer\u00eancias do utilizador para um site espec\u00edfico para que o site n\u00e3o necessite ser reconfigurado com cada visita. Esses cookies podem ser definidos por n\u00f3s ou por entidades terceiras cujos servi\u00e7os adicionamos \u00e0s nossas p\u00e1ginas. Se n\u00e3o permitir estes cookies, alguns ou todos esses servi\u00e7os podem n\u00e3o funcionar corretamente.<\/p>\n<p>De Terceiros: Medem o sucesso das aplica\u00e7\u00f5es e a efic\u00e1cia da publicidade de terceiros. Eles podem ser usados por essas entidades para criar um perfil de seus interesses e mostrar an\u00fancios relevantes noutros sites. . Eles n\u00e3o armazenam diretamente informa\u00e7\u00f5es pessoais, mas s\u00e3o baseados em identificar de forma exclusiva o seu navegador e dispositivo de internet. Se n\u00e3o permitir estes cookies, experimentar\u00e1 publicidade menos segmentada.<\/p>\n<p>Mesmo depois de aceitar cookies, os utilizadores sempre podem desativar alguns ou todos os nossos cookies. Para verificar a vers\u00e3o do seu navegador e as instru\u00e7\u00f5es correspondentes clicando no link aboutcookies.org.<\/p>\n<p>[\/et_pb_text][\/et_pb_column][\/et_pb_row][\/et_pb_section]<\/p>\n","protected":false},"excerpt":{"rendered":"<p><div class=\"et_pb_row et_pb_row_0 et_pb_row_empty\">\n\t\t\t\t\n\t\t\t\t\n\t\t\t\t\n\t\t\t\t\n\t\t\t\t\n\t\t\t<\/div> Termos e condi\u00e7\u00f5es de uso do website POL\u00cdTICA DE PRIVACIDADE A prote\u00e7\u00e3o dos seus dados pessoais \u00e9 a nossa prioridade.\u201cMy Tavira Stay\u201d compromete-se a apenas tratar os seus dados pessoais que sejam estritamente necess\u00e1rios para lhe prestar os melhores servi\u00e7os, garantindo transpar\u00eancia na informa\u00e7\u00e3o e aplica\u00e7\u00e3o das melhores pr\u00e1ticas, no dom\u00ednio da seguran\u00e7a e [&hellip;]<\/p>\n","protected":false},"author":3,"featured_media":0,"parent":0,"menu_order":0,"comment_status":"closed","ping_status":"closed","template":"","meta":{"_et_pb_use_builder":"on","_et_pb_old_content":"","_et_gb_content_width":"","footnotes":""},"_links":{"self":[{"href":"https:\/\/mytavirastay.com\/pt-pt\/wp-json\/wp\/v2\/pages\/37629"}],"collection":[{"href":"https:\/\/mytavirastay.com\/pt-pt\/wp-json\/wp\/v2\/pages"}],"about":[{"href":"https:\/\/mytavirastay.com\/pt-pt\/wp-json\/wp\/v2\/types\/page"}],"author":[{"embeddable":true,"href":"https:\/\/mytavirastay.com\/pt-pt\/wp-json\/wp\/v2\/users\/3"}],"replies":[{"embeddable":true,"href":"https:\/\/mytavirastay.com\/pt-pt\/wp-json\/wp\/v2\/comments?post=37629"}],"version-history":[{"count":1,"href":"https:\/\/mytavirastay.com\/pt-pt\/wp-json\/wp\/v2\/pages\/37629\/revisions"}],"predecessor-version":[{"id":37630,"href":"https:\/\/mytavirastay.com\/pt-pt\/wp-json\/wp\/v2\/pages\/37629\/revisions\/37630"}],"wp:attachment":[{"href":"https:\/\/mytavirastay.com\/pt-pt\/wp-json\/wp\/v2\/media?parent=37629"}],"curies":[{"name":"wp","href":"https:\/\/api.w.org\/{rel}","templated":true}]}}