{"id":37639,"date":"2019-02-07T14:58:40","date_gmt":"2019-02-07T14:58:40","guid":{"rendered":"https:\/\/mytavirastay.com\/reserver\/"},"modified":"2025-06-18T16:52:23","modified_gmt":"2025-06-18T15:52:23","slug":"reserver","status":"publish","type":"page","link":"https:\/\/mytavirastay.com\/fr\/reserver\/","title":{"rendered":"R\u00e9server"},"content":{"rendered":"<p>[et_pb_section fb_built=\u00a0\u00bb1&Prime; _builder_version=\u00a0\u00bb4.16&Prime; locked=\u00a0\u00bboff\u00a0\u00bb global_colors_info=\u00a0\u00bb{}\u00a0\u00bb][et_pb_row _builder_version=\u00a0\u00bb4.16&Prime; global_colors_info=\u00a0\u00bb{}\u00a0\u00bb][et_pb_column type=\u00a0\u00bb4_4&Prime; _builder_version=\u00a0\u00bb4.16&Prime; custom_padding=\u00a0\u00bb|||\u00a0\u00bb global_colors_info=\u00a0\u00bb{}\u00a0\u00bb custom_padding__hover=\u00a0\u00bb|||\u00a0\u00bb][et_pb_text _builder_version=\u00a0\u00bb4.16&Prime; text_font=\u00a0\u00bbOpen Sans|600|||||||\u00a0\u00bb text_text_color=\u00a0\u00bb#8f8f8f\u00a0\u00bb text_font_size=\u00a0\u00bb16px\u00a0\u00bb header_font=\u00a0\u00bb||||||||\u00a0\u00bb header_3_font=\u00a0\u00bbNoto Serif||||||||\u00a0\u00bb header_3_text_color=\u00a0\u00bb#8f8f8f\u00a0\u00bb header_3_font_size=\u00a0\u00bb50px\u00a0\u00bb text_orientation=\u00a0\u00bbcenter\u00a0\u00bb global_colors_info=\u00a0\u00bb{}\u00a0\u00bb]<\/p>\n<h3>R\u00e9server avec nous<\/h3>\n<p>MEILLEUR PRIX GARANTI<\/p>\n<p>[\/et_pb_text][\/et_pb_column][\/et_pb_row][et_pb_row _builder_version=\u00a0\u00bb4.16&Prime; global_colors_info=\u00a0\u00bb{}\u00a0\u00bb][et_pb_column type=\u00a0\u00bb4_4&Prime; _builder_version=\u00a0\u00bb4.16&Prime; custom_padding=\u00a0\u00bb|||\u00a0\u00bb global_colors_info=\u00a0\u00bb{}\u00a0\u00bb custom_padding__hover=\u00a0\u00bb|||\u00a0\u00bb][et_pb_contact_form email=\u00a0\u00bbinfo@mytavirastay.com\u00a0\u00bb title=\u00a0\u00bbDemande de r\u00e9servation\u00a0\u00bb custom_message=\u00a0\u00bbPEDIDO DE RESERVA DO WEBSITE||et_pb_line_break_holder||||et_pb_line_break_holder||Alojamento: %%accommodation%%||et_pb_line_break_holder||Data de check-in: %%check_in%%||et_pb_line_break_holder||Data de check-out: %%check_out%%||et_pb_line_break_holder||Adultos: %%adults%%||et_pb_line_break_holder||Crian\u00e7as: %%children%%||et_pb_line_break_holder||Nome: %%name%%||et_pb_line_break_holder||Email: %%email%%||et_pb_line_break_holder||Telefone: %%phone%%||et_pb_line_break_holder||Mensagem: %%comments%%\u00a0\u00bb success_message=\u00a0\u00bbDemande de r\u00e9servation envoy\u00e9e avec succ\u00e8s. Nous vous en remettons d\u00e8s que possible.\u00a0\u00bb submit_button_text=\u00a0\u00bbEnvoyer une demande de r\u00e9servation\u00a0\u00bb admin_label=\u00a0\u00bbContact form\u00a0\u00bb module_id=\u00a0\u00bbreserv-form\u00a0\u00bb _builder_version=\u00a0\u00bb4.24.0&Prime; _unique_id=\u00a0\u00bb965e3124-fb8c-4400-bdec-9a973f654c90&Prime; form_field_background_color=\u00a0\u00bb#e5e5e5&Prime; title_level=\u00a0\u00bbh2&Prime; title_font=\u00a0\u00bbRaleway|700|||||||\u00a0\u00bb title_font_size=\u00a0\u00bb50px\u00a0\u00bb title_line_height=\u00a0\u00bb1.8em\u00a0\u00bb form_field_line_height=\u00a0\u00bb2em\u00a0\u00bb custom_button=\u00a0\u00bbon\u00a0\u00bb button_text_color=\u00a0\u00bb#ffffff\u00a0\u00bb button_use_icon=\u00a0\u00bboff\u00a0\u00bb title_font_size_tablet=\u00a0\u00bb35px\u00a0\u00bb title_font_size_phone=\u00a0\u00bb25px\u00a0\u00bb title_font_size_last_edited=\u00a0\u00bbon|desktop\u00a0\u00bb custom_css_contact_title=\u00a0\u00bbdisplay:none;\u00a0\u00bb form_background_color=\u00a0\u00bb#e5e5e5&Prime; locked=\u00a0\u00bboff\u00a0\u00bb global_colors_info=\u00a0\u00bb{}\u00a0\u00bb][et_pb_contact_field field_id=\u00a0\u00bbaccommodation\u00a0\u00bb field_title=\u00a0\u00bbSELECT H\u00c9BERGEMENT\u00a0\u00bb field_type=\u00a0\u00bbselect\u00a0\u00bb select_options=\u00a0\u00bb%91{%22value%22:%22Tavira &#8211; Apartment in a house (jusqu&apos;\u00e0 4 invit\u00e9s \\\/ 2 chambres \\\/ 1 salle de bain)%22,%22checked%22:0,%22dragID%22:-1},{%22value%22:%22Santa Luzia &#8211; Calmness and Beauty in Santa Luzia (jusqu&apos;\u00e0 6 invit\u00e9s \\\/ 2 chambres \\\/ 2 salles de bain)%22,%22checked%22:0,%22dragID%22:0},{%22value%22:%22Santa Luzia &#8211; Great 2 bed apartment in Santa Luzia Tavira (jusqu&apos;\u00e0 4 invit\u00e9s \\\/ 2 chambres \\\/ 2 salles de bain)%22,%22checked%22:0,%22dragID%22:1},{%22value%22:%22Santa Luzia &#8211; Dream Holidays Santa Luzia Tavira (jusqu&apos;\u00e0 4 invit\u00e9s \\\/ 1 chambre \\\/ 1 salle de bain)%22,%22checked%22:0,%22dragID%22:2},{%22value%22:%22Pedras Del Rei &#8211; Nature and Beach in Pedras del Rei apartment (jusqu&apos;\u00e0 5 invit\u00e9s \\\/ 2 chambres \\\/ 2 salles de bain)%22,%22checked%22:0,%22dragID%22:4},{%22value%22:%22Pedras Del Rei &#8211; Pedras del Rei Waterfront Loft (jusqu&apos;\u00e0 4 invit\u00e9s \\\/ loft \\\/ 1 salle de bain)%22,%22checked%22:0,%22dragID%22:5},{%22value%22:%22No preference \\\/ Sem prefer\u00eancia \\\/ Aucune pr\u00e9f\u00e9rence%22,%22checked%22:0,%22dragID%22:6}%93&Prime; fullwidth_field=\u00a0\u00bbon\u00a0\u00bb _builder_version=\u00a0\u00bb4.24.0&Prime; global_colors_info=\u00a0\u00bb{}\u00a0\u00bb][\/et_pb_contact_field][et_pb_contact_field field_id=\u00a0\u00bbcheck_in\u00a0\u00bb field_title=\u00a0\u00bbDate d&apos;arrivee\u00a0\u00bb allowed_symbols=\u00a0\u00bbnumbers\u00a0\u00bb _builder_version=\u00a0\u00bb4.16&Prime; enable_picker=\u00a0\u00bbon\u00a0\u00bb datetime_enable_limits=\u00a0\u00bbon\u00a0\u00bb datetime_enable_min=\u00a0\u00bbon\u00a0\u00bb date_min_type=\u00a0\u00bbrolling\u00a0\u00bb date_min_rolling=\u00a0\u00bb0px\u00a0\u00bb global_colors_info=\u00a0\u00bb{}\u00a0\u00bb][\/et_pb_contact_field][et_pb_contact_field field_id=\u00a0\u00bbcheck_out\u00a0\u00bb field_title=\u00a0\u00bbDate de depart\u00a0\u00bb allowed_symbols=\u00a0\u00bbnumbers\u00a0\u00bb _builder_version=\u00a0\u00bb4.16&Prime; enable_picker=\u00a0\u00bbon\u00a0\u00bb datetime_enable_limits=\u00a0\u00bbon\u00a0\u00bb datetime_enable_min=\u00a0\u00bbon\u00a0\u00bb date_min_type=\u00a0\u00bbrolling\u00a0\u00bb date_min_rolling=\u00a0\u00bb0px\u00a0\u00bb global_colors_info=\u00a0\u00bb{}\u00a0\u00bb][\/et_pb_contact_field][et_pb_contact_field field_id=\u00a0\u00bbadults\u00a0\u00bb field_title=\u00a0\u00bbAdultes\u00a0\u00bb field_type=\u00a0\u00bbselect\u00a0\u00bb select_options=\u00a0\u00bb%91{%22value%22:%221%22,%22checked%22:0},{%22value%22:%222%22,%22checked%22:0},{%22value%22:%223%22,%22checked%22:0},{%22value%22:%224%22,%22checked%22:0},{%22value%22:%225%22,%22checked%22:0},{%22value%22:%226%22,%22checked%22:0}%93&Prime; _builder_version=\u00a0\u00bb4.16&Prime; global_colors_info=\u00a0\u00bb{}\u00a0\u00bb][\/et_pb_contact_field][et_pb_contact_field field_id=\u00a0\u00bbchildren\u00a0\u00bb field_title=\u00a0\u00bbEnfants\u00a0\u00bb field_type=\u00a0\u00bbselect\u00a0\u00bb select_options=\u00a0\u00bb%91{%22value%22:%220%22,%22checked%22:0},{%22value%22:%221%22,%22checked%22:0},{%22value%22:%222%22,%22checked%22:0},{%22value%22:%223%22,%22checked%22:0},{%22value%22:%224%22,%22checked%22:0}%93&Prime; _builder_version=\u00a0\u00bb4.16&Prime; global_colors_info=\u00a0\u00bb{}\u00a0\u00bb][\/et_pb_contact_field][et_pb_contact_field field_id=\u00a0\u00bbname\u00a0\u00bb field_title=\u00a0\u00bbNom\u00a0\u00bb _builder_version=\u00a0\u00bb4.16&Prime; global_colors_info=\u00a0\u00bb{}\u00a0\u00bb][\/et_pb_contact_field][et_pb_contact_field field_id=\u00a0\u00bbemail\u00a0\u00bb field_title=\u00a0\u00bbEmail\u00a0\u00bb field_type=\u00a0\u00bbemail\u00a0\u00bb _builder_version=\u00a0\u00bb4.16&Prime; global_colors_info=\u00a0\u00bb{}\u00a0\u00bb][\/et_pb_contact_field][et_pb_contact_field field_id=\u00a0\u00bbphone\u00a0\u00bb field_title=\u00a0\u00bbT\u00e9l\u00e9phone\u00a0\u00bb allowed_symbols=\u00a0\u00bbnumbers\u00a0\u00bb required_mark=\u00a0\u00bboff\u00a0\u00bb _builder_version=\u00a0\u00bb4.16&Prime; global_colors_info=\u00a0\u00bb{}\u00a0\u00bb][\/et_pb_contact_field][et_pb_contact_field field_id=\u00a0\u00bbcomments\u00a0\u00bb field_title=\u00a0\u00bbCommentaires, questions et demandes sp\u00e9ciales\u00a0\u00bb field_type=\u00a0\u00bbtext\u00a0\u00bb required_mark=\u00a0\u00bboff\u00a0\u00bb fullwidth_field=\u00a0\u00bbon\u00a0\u00bb _builder_version=\u00a0\u00bb4.16&Prime; global_colors_info=\u00a0\u00bb{}\u00a0\u00bb][\/et_pb_contact_field][\/et_pb_contact_form][\/et_pb_column][\/et_pb_row][\/et_pb_section][et_pb_section fb_built=\u00a0\u00bb1&Prime; _builder_version=\u00a0\u00bb4.16&Prime; background_color=\u00a0\u00bb#f7f7f7&Prime; global_colors_info=\u00a0\u00bb{}\u00a0\u00bb][et_pb_row _builder_version=\u00a0\u00bb4.16&Prime; border_color_top=\u00a0\u00bb#3333&Prime; global_colors_info=\u00a0\u00bb{}\u00a0\u00bb][et_pb_column type=\u00a0\u00bb4_4&Prime; _builder_version=\u00a0\u00bb4.16&Prime; custom_padding=\u00a0\u00bb|||\u00a0\u00bb global_colors_info=\u00a0\u00bb{}\u00a0\u00bb custom_padding__hover=\u00a0\u00bb|||\u00a0\u00bb][et_pb_text _builder_version=\u00a0\u00bb4.16&Prime; text_font=\u00a0\u00bbOpen Sans|600|||||||\u00a0\u00bb text_text_color=\u00a0\u00bb#8f8f8f\u00a0\u00bb header_font=\u00a0\u00bb||||||||\u00a0\u00bb header_3_font=\u00a0\u00bbNoto Serif||||||||\u00a0\u00bb header_3_text_color=\u00a0\u00bb#8f8f8f\u00a0\u00bb header_3_font_size=\u00a0\u00bb40px\u00a0\u00bb text_orientation=\u00a0\u00bbcenter\u00a0\u00bb global_colors_info=\u00a0\u00bb{}\u00a0\u00bb]<\/p>\n<h3>Plus d&rsquo;informations<\/h3>\n<p>CONDITIONS DE R\u00c9SERVATION<\/p>\n<p>[\/et_pb_text][\/et_pb_column][\/et_pb_row][et_pb_row _builder_version=\u00a0\u00bb4.16&Prime; custom_margin=\u00a0\u00bb|||\u00a0\u00bb custom_padding=\u00a0\u00bb|||\u00a0\u00bb border_color_all=\u00a0\u00bb#f5f5f5&Prime; locked=\u00a0\u00bboff\u00a0\u00bb global_colors_info=\u00a0\u00bb{}\u00a0\u00bb][et_pb_column type=\u00a0\u00bb4_4&Prime; _builder_version=\u00a0\u00bb4.16&Prime; custom_padding=\u00a0\u00bb|||\u00a0\u00bb global_colors_info=\u00a0\u00bb{}\u00a0\u00bb custom_padding__hover=\u00a0\u00bb|||\u00a0\u00bb][et_pb_blurb title=\u00a0\u00bbConditions g\u00e9n\u00e9rales de r\u00e9servation\u00a0\u00bb content_max_width=\u00a0\u00bb100%\u00a0\u00bb _builder_version=\u00a0\u00bb4.24.0&Prime; header_level=\u00a0\u00bbh5&Prime; header_font=\u00a0\u00bbNoto Serif|700|||||||\u00a0\u00bb header_font_size=\u00a0\u00bb18px\u00a0\u00bb header_line_height=\u00a0\u00bb1.2em\u00a0\u00bb body_font=\u00a0\u00bb||||||||\u00a0\u00bb body_line_height=\u00a0\u00bb2em\u00a0\u00bb custom_margin=\u00a0\u00bb|||\u00a0\u00bb global_colors_info=\u00a0\u00bb{}\u00a0\u00bb]<\/p>\n<ul>\n<li>Un acompte de 250 \u20ac est demand\u00e9 \u00e0 l\u2019arriv\u00e9e par esp\u00e8ces ou Revolut Card.<\/li>\n<li>Il sera restitu\u00e9 apr\u00e8s le d\u00e9part, en l&rsquo;absence de dommages \u00e0 l&rsquo;h\u00e9bergement.<\/li>\n<li>Aucune f\u00eate ou \u00e9v\u00e9nement n&rsquo;est autoris\u00e9.<\/li>\n<\/ul>\n<p>[\/et_pb_blurb][et_pb_blurb title=\u00a0\u00bbPaiements par virement bancaire, Revolut Carte ou par carte de cr\u00e9dit\u00a0\u00bb content_max_width=\u00a0\u00bb100%\u00a0\u00bb _builder_version=\u00a0\u00bb4.16&Prime; header_level=\u00a0\u00bbh5&Prime; header_font=\u00a0\u00bbNoto Serif|700|||||||\u00a0\u00bb header_font_size=\u00a0\u00bb18px\u00a0\u00bb header_line_height=\u00a0\u00bb1.2em\u00a0\u00bb body_font=\u00a0\u00bb||||||||\u00a0\u00bb body_line_height=\u00a0\u00bb2em\u00a0\u00bb custom_margin=\u00a0\u00bb|||\u00a0\u00bb global_colors_info=\u00a0\u00bb{}\u00a0\u00bb]<\/p>\n<li>50% au moment de la r\u00e9servation.\n<li>Les remises de 50% par virement bancaire 7 jours avant l\u2019arriv\u00e9e.\n<\/p>\n<p>[\/et_pb_blurb][et_pb_blurb title=\u00a0\u00bbAnnulations\u00a0\u00bb content_max_width=\u00a0\u00bb100%\u00a0\u00bb _builder_version=\u00a0\u00bb4.24.0&Prime; header_level=\u00a0\u00bbh5&Prime; header_font=\u00a0\u00bbNoto Serif|700|||||||\u00a0\u00bb header_font_size=\u00a0\u00bb18px\u00a0\u00bb header_line_height=\u00a0\u00bb1.2em\u00a0\u00bb body_font=\u00a0\u00bb||||||||\u00a0\u00bb body_line_height=\u00a0\u00bb2em\u00a0\u00bb custom_margin=\u00a0\u00bb|||\u00a0\u00bb hover_enabled=\u00a0\u00bb0&Prime; global_colors_info=\u00a0\u00bb{}\u00a0\u00bb sticky_enabled=\u00a0\u00bb0&Prime;]<\/p>\n<li>Annulation gratuite jusqu&rsquo;\u00e0 30 jours avant la date d&rsquo;arriv\u00e9e.<\/li>\n<li>Pour les annulations \u00e0 moins de 30 jours de l&rsquo;arriv\u00e9e, un remboursement complet sera effectu\u00e9 uniquement si nous parvenons \u00e0 relouer la propri\u00e9t\u00e9 pour la m\u00eame p\u00e9riode.<\/li>\n<p><strong>Remarque : Les frais bancaires ou de carte de cr\u00e9dit ne sont pas remboursables.<\/strong>\n<\/p>\n<p>[\/et_pb_blurb][et_pb_blurb title=\u00a0\u00bb\u00c0 VOTRE ATTENTION\u00a0\u00bb content_max_width=\u00a0\u00bb100%\u00a0\u00bb disabled_on=\u00a0\u00bboff|off|off\u00a0\u00bb _builder_version=\u00a0\u00bb4.16&Prime; header_level=\u00a0\u00bbh5&Prime; header_font=\u00a0\u00bbNoto Serif|700|||||||\u00a0\u00bb header_font_size=\u00a0\u00bb18px\u00a0\u00bb header_line_height=\u00a0\u00bb1.2em\u00a0\u00bb body_font=\u00a0\u00bb||||||||\u00a0\u00bb body_line_height=\u00a0\u00bb2em\u00a0\u00bb custom_margin=\u00a0\u00bb|||\u00a0\u00bb global_colors_info=\u00a0\u00bb{}\u00a0\u00bb]<\/p>\n<p>Depuis 2015, le Portugal applique de mani\u00e8re plus stricte une loi de longue date exigeant de toutes personnes fournissant un h\u00e9bergement de vacances payant, enregistre les informations d&rsquo;entr\u00e9e, de sortie et d&rsquo;identification de tous les ressortissants non portugais qui utilisent cet h\u00e9bergement. Cette loi est entr\u00e9e en vigueur au Portugal et dans la plupart des autres pays de l&rsquo;UE depuis l&rsquo;entr\u00e9e en vigueur progressive de l&rsquo;accord de Schengen de 1990, qui vise \u00e0 mettre un terme \u00e0 la traite des \u00eatres humains et \u00e0 d&rsquo;autres pratiques ill\u00e9gales. En l\u2019esp\u00e8ce, c\u2019est pr\u00e9cis\u00e9ment l\u2019article 45 de l\u2019accord de Schengen et la r\u00e9cente loi locale Du Logement Local, \u00ab Alojamento Local \u00bb au Portugal qui ont permis de mieux cibler cette r\u00e8gle.<br \/>Pour cette raison, tous les clients de chaque r\u00e9servation doivent montrer leur passeport afin que nous puissions recueillir les informations requises.<\/p>\n<p>[\/et_pb_blurb][\/et_pb_column][\/et_pb_row][\/et_pb_section]<\/p>\n","protected":false},"excerpt":{"rendered":"<p>R\u00e9server avec nous MEILLEUR PRIX GARANTI Plus d&rsquo;informations CONDITIONS DE R\u00c9SERVATION Un acompte de 250 \u20ac est demand\u00e9 \u00e0 l\u2019arriv\u00e9e par esp\u00e8ces ou Revolut Card. Il sera restitu\u00e9 apr\u00e8s le d\u00e9part, en l&rsquo;absence de dommages \u00e0 l&rsquo;h\u00e9bergement. Aucune f\u00eate ou \u00e9v\u00e9nement n&rsquo;est autoris\u00e9. 50% au moment de la r\u00e9servation. Les remises de 50% par virement [&hellip;]<\/p>\n","protected":false},"author":3,"featured_media":0,"parent":0,"menu_order":0,"comment_status":"closed","ping_status":"closed","template":"","meta":{"_et_pb_use_builder":"on","_et_pb_old_content":"","_et_gb_content_width":"","footnotes":""},"_links":{"self":[{"href":"https:\/\/mytavirastay.com\/fr\/wp-json\/wp\/v2\/pages\/37639"}],"collection":[{"href":"https:\/\/mytavirastay.com\/fr\/wp-json\/wp\/v2\/pages"}],"about":[{"href":"https:\/\/mytavirastay.com\/fr\/wp-json\/wp\/v2\/types\/page"}],"author":[{"embeddable":true,"href":"https:\/\/mytavirastay.com\/fr\/wp-json\/wp\/v2\/users\/3"}],"replies":[{"embeddable":true,"href":"https:\/\/mytavirastay.com\/fr\/wp-json\/wp\/v2\/comments?post=37639"}],"version-history":[{"count":5,"href":"https:\/\/mytavirastay.com\/fr\/wp-json\/wp\/v2\/pages\/37639\/revisions"}],"predecessor-version":[{"id":39579,"href":"https:\/\/mytavirastay.com\/fr\/wp-json\/wp\/v2\/pages\/37639\/revisions\/39579"}],"wp:attachment":[{"href":"https:\/\/mytavirastay.com\/fr\/wp-json\/wp\/v2\/media?parent=37639"}],"curies":[{"name":"wp","href":"https:\/\/api.w.org\/{rel}","templated":true}]}}