{"id":37635,"date":"2019-02-07T14:21:49","date_gmt":"2019-02-07T14:21:49","guid":{"rendered":"https:\/\/mytavirastay.com\/hebergements\/"},"modified":"2019-06-14T12:10:40","modified_gmt":"2019-06-14T11:10:40","slug":"hebergements","status":"publish","type":"page","link":"https:\/\/mytavirastay.com\/fr\/hebergements\/","title":{"rendered":"H\u00e9bergements"},"content":{"rendered":"<p>[et_pb_section bb_built=\u00a0\u00bb1&Prime; _builder_version=\u00a0\u00bb3.19.3&Prime; locked=\u00a0\u00bboff\u00a0\u00bb custom_padding=\u00a0\u00bb||0px\u00a0\u00bb inner_width=\u00a0\u00bbauto\u00a0\u00bb inner_max_width=\u00a0\u00bb1080px\u00a0\u00bb][et_pb_row _builder_version=\u00a0\u00bb3.19.3&Prime; custom_padding=\u00a0\u00bb||0px\u00a0\u00bb width=\u00a0\u00bb80%\u00a0\u00bb max_width=\u00a0\u00bb1080px\u00a0\u00bb][et_pb_column type=\u00a0\u00bb4_4&Prime;][et_pb_text _builder_version=\u00a0\u00bb3.24.1&Prime; text_font=\u00a0\u00bbOpen Sans|600|||||||\u00a0\u00bb text_text_color=\u00a0\u00bb#8f8f8f\u00a0\u00bb text_font_size=\u00a0\u00bb16px\u00a0\u00bb header_font=\u00a0\u00bbNoto Serif||||||||\u00a0\u00bb header_text_color=\u00a0\u00bb#8f8f8f\u00a0\u00bb header_font_size=\u00a0\u00bb50px\u00a0\u00bb header_3_font=\u00a0\u00bbNoto Serif||||||||\u00a0\u00bb header_3_text_color=\u00a0\u00bb#8f8f8f\u00a0\u00bb header_3_font_size=\u00a0\u00bb50px\u00a0\u00bb text_orientation=\u00a0\u00bbcenter\u00a0\u00bb header_font_size_tablet=\u00a0\u00bb40px\u00a0\u00bb header_font_size_phone=\u00a0\u00bb30px\u00a0\u00bb header_font_size_last_edited=\u00a0\u00bbon|phone\u00a0\u00bb]<\/p>\n<h1>H\u00e9bergements<\/h1>\n<p>S\u00c9LECTIONNEZ VOTRE H\u00c9BERGEMENT<\/p>\n<p>[\/et_pb_text][et_pb_filterable_portfolio posts_number=\u00a0\u00bb100&Prime; include_categories=\u00a0\u00bb25,9,8,26&Prime; show_pagination=\u00a0\u00bboff\u00a0\u00bb hover_icon=\u00a0\u00bb%%51%%\u00a0\u00bb zoom_icon_color=\u00a0\u00bb#43a969&Prime; module_class=\u00a0\u00bbthree-column-grid\u00a0\u00bb _builder_version=\u00a0\u00bb3.19.7&Prime; title_font_size=\u00a0\u00bb17px\u00a0\u00bb filter_font=\u00a0\u00bb|600|||||||\u00a0\u00bb hover_overlay_color=\u00a0\u00bbrgba(255,255,255,0.9)\u00a0\u00bb title_font=\u00a0\u00bb|700|||||||\u00a0\u00bb fullwidth=\u00a0\u00bboff\u00a0\u00bb module_id=\u00a0\u00bball\u00a0\u00bb \/][\/et_pb_column][\/et_pb_row][\/et_pb_section]<\/p>\n","protected":false},"excerpt":{"rendered":"<p>H\u00e9bergementsS\u00c9LECTIONNEZ VOTRE H\u00c9BERGEMENT<\/p>\n","protected":false},"author":3,"featured_media":0,"parent":0,"menu_order":0,"comment_status":"closed","ping_status":"closed","template":"","meta":{"_et_pb_use_builder":"on","_et_pb_old_content":"","_et_gb_content_width":"","footnotes":""},"_links":{"self":[{"href":"https:\/\/mytavirastay.com\/fr\/wp-json\/wp\/v2\/pages\/37635"}],"collection":[{"href":"https:\/\/mytavirastay.com\/fr\/wp-json\/wp\/v2\/pages"}],"about":[{"href":"https:\/\/mytavirastay.com\/fr\/wp-json\/wp\/v2\/types\/page"}],"author":[{"embeddable":true,"href":"https:\/\/mytavirastay.com\/fr\/wp-json\/wp\/v2\/users\/3"}],"replies":[{"embeddable":true,"href":"https:\/\/mytavirastay.com\/fr\/wp-json\/wp\/v2\/comments?post=37635"}],"version-history":[{"count":2,"href":"https:\/\/mytavirastay.com\/fr\/wp-json\/wp\/v2\/pages\/37635\/revisions"}],"predecessor-version":[{"id":37985,"href":"https:\/\/mytavirastay.com\/fr\/wp-json\/wp\/v2\/pages\/37635\/revisions\/37985"}],"wp:attachment":[{"href":"https:\/\/mytavirastay.com\/fr\/wp-json\/wp\/v2\/media?parent=37635"}],"curies":[{"name":"wp","href":"https:\/\/api.w.org\/{rel}","templated":true}]}}