{"id":37631,"date":"2019-02-07T12:57:08","date_gmt":"2019-02-07T12:57:08","guid":{"rendered":"https:\/\/mytavirastay.com\/conditions-generales-dutilisation-du-site-web\/"},"modified":"2019-02-07T12:57:09","modified_gmt":"2019-02-07T12:57:09","slug":"conditions-generales-dutilisation-du-site-web","status":"publish","type":"page","link":"https:\/\/mytavirastay.com\/fr\/conditions-generales-dutilisation-du-site-web\/","title":{"rendered":"Conditions g\u00e9n\u00e9rales d&rsquo;utilisation du site Web"},"content":{"rendered":"<p>[et_pb_section bb_built=\u00a0\u00bb1&Prime;][et_pb_row][et_pb_column type=\u00a0\u00bb4_4&Prime;][et_pb_text _builder_version=\u00a0\u00bb3.19.7&Prime;]<\/p>\n<h1>Conditions g\u00e9n\u00e9rales d&rsquo;utilisation du site Web<\/h1>\n<\/p>\n<h3>POLITIQUE DE CONFIDENTIALIT\u00c9<\/h3>\n<\/p>\n<p><strong>La protection de vos donn\u00e9es personnelles est notre priorit\u00e9.<\/strong><\/p>\n<p>\u00ab\u00a0My Tavira Stay\u00a0\u00bb s&rsquo;engage \u00e0 ne traiter que vos donn\u00e9es personnelles strictement n\u00e9cessaire pour vous fournir: les meilleurs services, en assurant la transparence des informations et en appliquant les meilleures pratiques en mati\u00e8re de s\u00e9curit\u00e9 et de protection des donn\u00e9es personnelles.<br \/>Nous voulons gagner votre confiance et avoir le sentiment que vos donn\u00e9es personnelles sont en s\u00e9curit\u00e9 chez nous, car nous nous engageons toujours \u00e0 prot\u00e9ger votre vie priv\u00e9e, en assumant avec s\u00e9rieux et engagement nos responsabilit\u00e9s en mati\u00e8re de protection de vos donn\u00e9es personnelles.<br \/>Pour toute pr\u00e9cision sur le traitement de vos donn\u00e9es personnelles, nous serons disponibles pour vous aider, par email: info@mytavirastay.com<\/p>\n<p><strong>Quelles donn\u00e9es personnelles utilisons-nous et \u00e0 quoi les utilisons-nous?<\/strong><br \/>My Tavira Stay s&rsquo;engage \u00e0 ne traiter que les donn\u00e9es personnelles strictement n\u00e9cessaires \u00e0 chaque processus:<br \/>Bulletins H\u00e9bergement &#8211; Pour la proc\u00e9dure d&rsquo;envoi \u00e0 la SEF et \u00e0 l&rsquo;INE Service des fronti\u00e8res et des \u00e9trangers.<br \/>Marketing direct &#8211; Nous aurons \u00e9galement besoin de vos coordonn\u00e9es (e-mail et num\u00e9ro de t\u00e9l\u00e9phone mobile) pour pouvoir vous envoyer des informations sur nos services. Vous pouvez, \u00e0 tout moment, retirer l&rsquo;indication pour recevoir ce type de communication.<br \/>Nous ne conservons vos donn\u00e9es personnelles que pendant la p\u00e9riode strictement n\u00e9cessaire pour atteindre les objectifs susmentionn\u00e9s dans les limites l\u00e9gales. Une fois que la dur\u00e9e de conservation d\u00e9finie a expir\u00e9, My Tavira Stay s&rsquo;engage \u00e0 supprimer, d\u00e9truire ou anonymiser vos donn\u00e9es personnelles. De mani\u00e8re g\u00e9n\u00e9rale, \u00ab\u00a0My Tavira Stay\u00a0\u00bb conserve les donn\u00e9es de transaction sur une p\u00e9riode de 10 ans, cette p\u00e9riode \u00e9tant d\u00e9finie per la loi.<br \/>Pour les d\u00e9tails de la carte de cr\u00e9dit, ils seront d\u00e9truits apr\u00e8s que le paiement \u00e9tiez complet.<\/p>\n<p><strong>Quels sont vos droits et comment pouvez-vous les exercer?<\/strong><br \/>En r\u00e8gle g\u00e9n\u00e9rale, le titulaire de donn\u00e9es \u00e0 caract\u00e8re personnel jouit des droits suivants en mati\u00e8re de protection des donn\u00e9es : droit d&rsquo;acc\u00e8s, droit de rectification, droit de r\u00e9tractation, droit de limitation, droit de portabilit\u00e9, droit de s&rsquo;opposer et droit de ne pas \u00eatre soumis \u00e0 d\u00e9cisions automatis\u00e9es. Si vous avez consenti \u00e0 certains traitements de vos donn\u00e9es personnelles, vous pouvez les retirer \u00e0 tout moment. Pour exercer l&rsquo;un de ces droits, vous devez le faire en contactant par courrier \u00e9lectronique \u00e0 l&rsquo;adresse suivante : info@mytavirastay.com. Le \u00ab\u00a0My Tavira Stay\u00a0\u00bb proc\u00e9dera \u00e0 une analyse minutieuse des demandes, en \u00e9valuant leur l\u00e9gitimit\u00e9 et leur pertinence, en s\u2019engageant \u00e0 r\u00e9pondre dans les meilleurs d\u00e9lais.<\/p>\n<\/p>\n<h3>Cookies<\/h3>\n<\/p>\n<p>Un cookie est un fichier de donn\u00e9es g\u00e9n\u00e9r\u00e9 par un site Web et enregistr\u00e9 par votre navigateur. Les cookies aident \u00e0 d\u00e9finir la convivialit\u00e9, l\u2019int\u00e9r\u00eat et la convivialit\u00e9 des sites Web, permettent aux utilisateurs de naviguer plus rapidement et plus efficacement et \u00e9liminent la n\u00e9cessit\u00e9 de saisir les m\u00eames informations de mani\u00e8re r\u00e9p\u00e9t\u00e9e. Les seules informations personnelles qu&rsquo;un cookie peut contenir sont celles fournies par l&rsquo;utilisateur \/ la personne concern\u00e9e. Un cookie ne peut pas lire les donn\u00e9es de votre disque dur ou lire d&rsquo;autres cookies cr\u00e9\u00e9s par d&rsquo;autres sites Web.<br \/>Il existe 2 cat\u00e9gories de cookies: a) session: automatiquement supprim\u00e9 lorsque l&rsquo;utilisateur ferme son navigateur: b) persistant: il reste stock\u00e9 dans le terminal de l&rsquo;utilisateur jusqu&rsquo;\u00e0 son expiration.<\/p>\n<p><strong>Les types de cookies utilis\u00e9s sur ce site sont les suivants.<\/strong><\/p>\n<p>Strictement requis: activez la navigation sur le site et l&rsquo;utilisation de vos applications, telles que l&rsquo;acc\u00e8s aux zones de site s\u00e9curis\u00e9es, et ne peut pas \u00eatre d\u00e9sactiv\u00e9 sur nos syst\u00e8mes. Ils sont g\u00e9n\u00e9ralement configur\u00e9s uniquement en r\u00e9ponse \u00e0 des actions effectu\u00e9es par l&rsquo;utilisateur qui correspondent \u00e0 une demande de service, telles que la d\u00e9finition de vos pr\u00e9f\u00e9rences de confidentialit\u00e9, la connexion ou le remplissage de formulaires. Vous pouvez configurer votre navigateur pour bloquer ou vous avertir \u00e0 propos de ces cookies, mais certaines parties du site ne fonctionneront pas. Ces cookies ne stockent aucune information personnellement identifiable.<\/p>\n<p>Performance: Utilis\u00e9 pour analyser la mani\u00e8re dont les utilisateurs utilisent le site et surveiller leurs performances. Par exemple, identifier les pages les plus populaires, identifier la m\u00e9thode la plus efficace pour lier des pages ou d\u00e9terminer le taux de messages d&rsquo;erreur sur certaines pages. Toutes les informations collect\u00e9es par ces cookies sont anonymes. Si vous autorisez ces cookies, nous ne saurons pas quand vous avez visit\u00e9 notre site et les performances ne seront pas surveill\u00e9es.<\/p>\n<p>Fonctionnalit\u00e9: stocke les pr\u00e9f\u00e9rences de l&rsquo;utilisateur pour un site sp\u00e9cifique afin qu&rsquo;il ne soit pas n\u00e9cessaire de reconfigurer le site \u00e0 chaque visite. Ces cookies peuvent \u00eatre d\u00e9finis par nous ou par des tiers dont nous ajoutons les services sur nos pages. Si vous n&rsquo;autorisez pas ces cookies, certains ou tous ces services risquent de ne pas fonctionner correctement.<\/p>\n<p>Tierce partie: mesure le succ\u00e8s des applications et l&rsquo;efficacit\u00e9 de la publicit\u00e9 tierce. Ils peuvent \u00eatre utilis\u00e9s par ces entit\u00e9s pour cr\u00e9er un profil de leurs int\u00e9r\u00eats et diffuser des annonces pertinentes sur d&rsquo;autres sites. Ils ne stockent pas directement des informations personnelles, mais reposent uniquement sur l&rsquo;identification de votre navigateur et de votre appareil Internet. Si vous n&rsquo;autorisez pas ces cookies, la publicit\u00e9 sera moins cibl\u00e9e.<\/p>\n<p>M\u00eame apr\u00e8s avoir accept\u00e9 les cookies, les utilisateurs peuvent toujours d\u00e9sactiver tout ou partie de nos cookies. Pour v\u00e9rifier votre navigateur et les instructions connexes en cliquant sur le lien oncookies.org.<\/p>\n<p>[\/et_pb_text][\/et_pb_column][\/et_pb_row][\/et_pb_section]<\/p>\n","protected":false},"excerpt":{"rendered":"<p><div class=\"et_pb_row et_pb_row_0 et_pb_row_empty\">\n\t\t\t\t\n\t\t\t\t\n\t\t\t\t\n\t\t\t\t\n\t\t\t\t\n\t\t\t<\/div> Conditions g\u00e9n\u00e9rales d&rsquo;utilisation du site Web POLITIQUE DE CONFIDENTIALIT\u00c9 La protection de vos donn\u00e9es personnelles est notre priorit\u00e9.\u00a0\u00bbMy Tavira Stay\u00a0\u00bb s&rsquo;engage \u00e0 ne traiter que vos donn\u00e9es personnelles strictement n\u00e9cessaire pour vous fournir: les meilleurs services, en assurant la transparence des informations et en appliquant les meilleures pratiques en mati\u00e8re de s\u00e9curit\u00e9 et de [&hellip;]<\/p>\n","protected":false},"author":3,"featured_media":0,"parent":0,"menu_order":0,"comment_status":"closed","ping_status":"closed","template":"","meta":{"_et_pb_use_builder":"on","_et_pb_old_content":"","_et_gb_content_width":"","footnotes":""},"_links":{"self":[{"href":"https:\/\/mytavirastay.com\/fr\/wp-json\/wp\/v2\/pages\/37631"}],"collection":[{"href":"https:\/\/mytavirastay.com\/fr\/wp-json\/wp\/v2\/pages"}],"about":[{"href":"https:\/\/mytavirastay.com\/fr\/wp-json\/wp\/v2\/types\/page"}],"author":[{"embeddable":true,"href":"https:\/\/mytavirastay.com\/fr\/wp-json\/wp\/v2\/users\/3"}],"replies":[{"embeddable":true,"href":"https:\/\/mytavirastay.com\/fr\/wp-json\/wp\/v2\/comments?post=37631"}],"version-history":[{"count":1,"href":"https:\/\/mytavirastay.com\/fr\/wp-json\/wp\/v2\/pages\/37631\/revisions"}],"predecessor-version":[{"id":37632,"href":"https:\/\/mytavirastay.com\/fr\/wp-json\/wp\/v2\/pages\/37631\/revisions\/37632"}],"wp:attachment":[{"href":"https:\/\/mytavirastay.com\/fr\/wp-json\/wp\/v2\/media?parent=37631"}],"curies":[{"name":"wp","href":"https:\/\/api.w.org\/{rel}","templated":true}]}}